{"id":9,"date":"2018-12-13T11:30:41","date_gmt":"2018-12-13T10:30:41","guid":{"rendered":"https:\/\/bim-bauantrag.blogs.ruhr-uni-bochum.de\/?page_id=9"},"modified":"2020-11-08T09:17:53","modified_gmt":"2020-11-08T08:17:53","slug":"startseite","status":"publish","type":"page","link":"https:\/\/bimstruct.blogs.ruhr-uni-bochum.de\/","title":{"rendered":"Startseite"},"content":{"rendered":"<p>Aktuell<\/p>\n<p><strong><a href=\"https:\/\/bimstruct.blogs.ruhr-uni-bochum.de\/?page_id=289\">R\u00fcckblick auf die digitale Abschlussveranstaltung<\/a><\/strong><\/p>\n<hr \/>\n<p><img loading=\"lazy\" decoding=\"async\" class=\"alignnone size-full wp-image-163\" src=\"https:\/\/bimstruct.blogs.ruhr-uni-bochum.de\/wp-content\/uploads\/2019\/04\/BIMSTRUCT.png\" alt=\"\" width=\"1080\" height=\"623\" srcset=\"https:\/\/bimstruct.blogs.ruhr-uni-bochum.de\/wp-content\/uploads\/2019\/04\/BIMSTRUCT.png 1080w, https:\/\/bimstruct.blogs.ruhr-uni-bochum.de\/wp-content\/uploads\/2019\/04\/BIMSTRUCT-300x173.png 300w, https:\/\/bimstruct.blogs.ruhr-uni-bochum.de\/wp-content\/uploads\/2019\/04\/BIMSTRUCT-768x443.png 768w, https:\/\/bimstruct.blogs.ruhr-uni-bochum.de\/wp-content\/uploads\/2019\/04\/BIMSTRUCT-1024x591.png 1024w\" sizes=\"auto, (max-width: 1080px) 100vw, 1080px\" \/><\/p>\n<p>Am 01. November 2018 ist das Projekt\u00a0<strong>Strukturierte Klassifikationen und Merkmale f\u00fcr die modellbasierte Zusammenarbeit im Infrastrukturbereich<\/strong>, kurz\u00a0<strong>BIMSTRUCT<\/strong>, gestartet. Gef\u00f6rdert wird es f\u00fcr 2 Jahre im Rahmen des Modernit\u00e4tsfonds mFUND des Bundesministeriums f\u00fcr Verkehr und digitale Infrastruktur und endet am 31.10.2020.<\/p>\n<p>Im Rahmen des Projektes werden Konzepte zur einheitlichen Strukturierung von Daten zu Bauwerken des deutschen Schienen-, Stra\u00dfen- und Wasserstra\u00dfenbaus in Form von Klassifikationen und beschreibenden Eigenschaften entwickelt.\u00a0Auf Basis der strukturierten Daten erfolgt der Aufbau von Datenbanken mit Klassifikationen und Merkmalen sowie die Entwicklung von Online- und Offline-Schnittstellen. Die Klassifikationen und Merkmale werden sowohl von \u00f6ffentlichen Auftraggebern als auch privaten Auftragnehmern im Rahmen von BIM-Projekten genutzt.\u00a0Dar\u00fcber hinaus sollen die Ergebnisse in den nationalen und internationalen Standardisierungsprozess einflie\u00dfen.<\/p>\n","protected":false},"excerpt":{"rendered":"<p>Aktuell R\u00fcckblick auf die digitale Abschlussveranstaltung Am 01. November 2018 ist das Projekt\u00a0Strukturierte Klassifikationen und Merkmale f\u00fcr die modellbasierte Zusammenarbeit&hellip;<\/p>\n","protected":false},"author":3,"featured_media":0,"parent":0,"menu_order":0,"comment_status":"closed","ping_status":"closed","template":"","meta":{"footnotes":""},"class_list":["post-9","page","type-page","status-publish","hentry"],"_links":{"self":[{"href":"https:\/\/bimstruct.blogs.ruhr-uni-bochum.de\/index.php?rest_route=\/wp\/v2\/pages\/9","targetHints":{"allow":["GET"]}}],"collection":[{"href":"https:\/\/bimstruct.blogs.ruhr-uni-bochum.de\/index.php?rest_route=\/wp\/v2\/pages"}],"about":[{"href":"https:\/\/bimstruct.blogs.ruhr-uni-bochum.de\/index.php?rest_route=\/wp\/v2\/types\/page"}],"author":[{"embeddable":true,"href":"https:\/\/bimstruct.blogs.ruhr-uni-bochum.de\/index.php?rest_route=\/wp\/v2\/users\/3"}],"replies":[{"embeddable":true,"href":"https:\/\/bimstruct.blogs.ruhr-uni-bochum.de\/index.php?rest_route=%2Fwp%2Fv2%2Fcomments&post=9"}],"version-history":[{"count":11,"href":"https:\/\/bimstruct.blogs.ruhr-uni-bochum.de\/index.php?rest_route=\/wp\/v2\/pages\/9\/revisions"}],"predecessor-version":[{"id":353,"href":"https:\/\/bimstruct.blogs.ruhr-uni-bochum.de\/index.php?rest_route=\/wp\/v2\/pages\/9\/revisions\/353"}],"wp:attachment":[{"href":"https:\/\/bimstruct.blogs.ruhr-uni-bochum.de\/index.php?rest_route=%2Fwp%2Fv2%2Fmedia&parent=9"}],"curies":[{"name":"wp","href":"https:\/\/api.w.org\/{rel}","templated":true}]}}