{"id":3,"date":"2018-05-22T09:51:01","date_gmt":"2018-05-22T07:51:01","guid":{"rendered":"https:\/\/bimstruct.blogs.ruhr-uni-bochum.de\/?p=3"},"modified":"2019-01-15T09:27:08","modified_gmt":"2019-01-15T08:27:08","slug":"datenschutzerklaerung","status":"publish","type":"page","link":"https:\/\/bimstruct.blogs.ruhr-uni-bochum.de\/?page_id=3","title":{"rendered":"Datenschutzerkl\u00e4rung"},"content":{"rendered":"<h2>Datenschutz<\/h2>\n<p align=\"justify\">Im Folgenden informieren wir \u00fcber die Verarbeitung personenbezogener Daten bei Nutzung der Webseite <em>www.bimstruct.blogs.ruhr-uni-bochum.de<\/em>. Personenbezogene Daten sind alle Daten, die auf Sie pers\u00f6nlich bezogen werden k\u00f6nnen. Auf anderen Seiten der Ruhr-Universit\u00e4t Bochum k\u00f6nnen andere Bedingungen gelten.<\/p>\n<h2>Name und Anschrift des Verantwortlichen<\/h2>\n<p>Die Verantwortliche im Sinne der Datenschutz-Grundverordnung und dem Landesdatenschutzgesetz NRW ist:<\/p>\n<p>Ruhr-Universit\u00e4t Bochum<br \/>\nUniversit\u00e4tsstr. 150<br \/>\n44801 Bochum<br \/>\nDeutschland<\/p>\n<p>Ausf\u00fchrend:<\/p>\n<p>Prof. Dr.-Ing. Markus K\u00f6nig<br \/>\nLehrstuhl f\u00fcr Informatik im Bauwesen<br \/>\nRuhr-Universit\u00e4t Bochum<br \/>\nGeb\u00e4ude IC, Ebene 6, Raum 59<br \/>\nUniversit\u00e4tsstr. 150<br \/>\n44780 Bochum<br \/>\nDeutschland<\/p>\n<p>E-Mail: iib+office (a) rub.de<br \/>\nTel.: +49 234 32-23047<\/p>\n<h2>Name und Anschrift des Datenschutzbeauftragten<\/h2>\n<p>Der Datenschutzbeauftragte der Verantwortlichen ist:<\/p>\n<p>Dr. Kai-Uwe Loser<br \/>\nRuhr-Universit\u00e4t Bochum<br \/>\nGeb\u00e4ude NB, Ebene 1, Raum 68<br \/>\nUniversit\u00e4tsstra\u00dfe 150<br \/>\n44801 Bochum<br \/>\nDeutschland<\/p>\n<p>Tel.: +49 234 32-28720<br \/>\nE-Mail: dsb (a) ruhr-uni-bochum.de<br \/>\nWebsite:https:\/\/dsb.ruhr-uni-bochum.de\/<\/p>\n<h2>Allgemeines zur Datenverarbeitung<\/h2>\n<h3>Umfang der Verarbeitung personenbezogener Daten<\/h3>\n<p align=\"justify\">Wir verarbeiten personenbezogene Daten unserer Nutzer grunds\u00e4tzlich nur, soweit dies zur Bereitstellung einer funktionsf\u00e4higen Website sowie unserer Inhalte und Leistungen erforderlich ist. Die Verarbeitung personenbezogener Daten unserer Nutzer erfolgt regelm\u00e4\u00dfig nur nach Einwilligung des Nutzers. Eine Ausnahme gilt in solchen F\u00e4llen, in denen eine vorherige Einholung einer Einwilligung aus tats\u00e4chlichen Gr\u00fcnden nicht m\u00f6glich ist und die Verarbeitung der Daten durch gesetzliche Vorschriften gestattet ist.<\/p>\n<h3>Rechtsgrundlage f\u00fcr die Verarbeitung personenbezogener Daten<\/h3>\n<p align=\"justify\">Soweit wir f\u00fcr Verarbeitungsvorg\u00e4nge personenbezogener Daten eine Einwilligung der betroffenen Person einholen, dient Art. 6 Abs. 1 lit. a EU-Datenschutzgrundverordnung (DSGVO) als Rechtsgrundlage. Bei der Verarbeitung von personenbezogenen Daten, die zur Erf\u00fcllung eines Vertrages, dessen Vertragspartei die betroffene Person ist, erforderlich ist, dient Art. 6 Abs. 1 lit. b DSGVO als Rechtsgrundlage. Dies gilt auch f\u00fcr Verarbeitungsvorg\u00e4nge, die zur Durchf\u00fchrung vorvertraglicher Ma\u00dfnahmen erforderlich sind. Soweit eine Verarbeitung personenbezogener Daten zur Erf\u00fcllung einer rechtlichen Verpflichtung erforderlich ist, der unser Unternehmen unterliegt, dient Art. 6 Abs. 1 lit. c DSGVO als Rechtsgrundlage. F\u00fcr den Fall, dass lebenswichtige Interessen der betroffenen Person oder einer anderen nat\u00fcrlichen Person eine Verarbeitung personenbezogener Daten erforderlich machen, dient Art. 6 Abs. 1 lit. d DSGVO als Rechtsgrundlage. Ist die Verarbeitung zur Wahrung eines berechtigten Interesses unseres Unternehmens oder eines Dritten erforderlich und \u00fcberwiegen die Interessen, Grundrechte und Grundfreiheiten des Betroffenen das erstgenannte Interesse nicht, so dient Art. 6 Abs. 1 lit. f DSGVO als Rechtsgrundlage f\u00fcr die Verarbeitung.<\/p>\n<h3>Datenl\u00f6schung und Speicherdauer<\/h3>\n<p align=\"justify\">Die personenbezogenen Daten der betroffenen Person werden gel\u00f6scht oder gesperrt, sobald der Zweck der Speicherung entf\u00e4llt. Eine Speicherung kann dar\u00fcber hinaus erfolgen, wenn dies durch den europ\u00e4ischen oder nationalen Gesetzgeber in unionsrechtlichen Verordnungen, Gesetzen oder sonstigen Vorschriften, denen der Verantwortliche unterliegt, vorgesehen wurde. Eine Sperrung oder L\u00f6schung der Daten erfolgt auch dann, wenn eine durch die genannten Normen vorgeschriebene Speicherfrist abl\u00e4uft, es sei denn, dass eine Erforderlichkeit zur weiteren Speicherung der Daten f\u00fcr einen Vertragsabschluss oder eine Vertragserf\u00fcllung besteht.<\/p>\n<h3>SSL- bzw. TLS-Verschl\u00fcsselung<\/h3>\n<p align=\"justify\">Diese Seite nutzt aus Sicherheitsgr\u00fcnden und zum Schutz der \u00dcbertragung vertraulicher Inhalte, wie zum Beispiel Bestellungen oder Anfragen, die Sie an uns als Seitenbetreiber senden, eine SSL-bzw. TLS-Verschl\u00fcsselung. Eine verschl\u00fcsselte Verbindung erkennen Sie daran, dass die Adresszeile des Browsers von \u201chttp:\/\/\u201d auf \u201chttps:\/\/\u201d wechselt und an dem Schloss-Symbol in Ihrer Browserzeile. Wenn die SSL- bzw. TLS-Verschl\u00fcsselung aktiviert ist, k\u00f6nnen die Daten, die Sie an uns \u00fcbermitteln, nicht von Dritten mitgelesen werden.<\/p>\n<h2>Bereitstellung der Website<\/h2>\n<h3>Beschreibung und Umfang der Datenverarbeitung<\/h3>\n<p>Bei jedem Aufruf unserer Internetseite sind f\u00fcr die Bereitstellung der Informationen Daten \u00fcber den aufrufenden Rechner erforderlich. Folgende Daten werden hierbei verarbeitet:<\/p>\n<p>1. die IP-Adresse des Nutzers (Anonymisiert),<\/p>\n<p>2. Informationen \u00fcber den Browsertyp und die verwendete Version,<\/p>\n<p>3. das Betriebssystem des Nutzers,<\/p>\n<p>4. Datum und Uhrzeit des Zugriffs,<\/p>\n<p>5. Websites, von denen das System des Nutzers auf die Internetseite gelangt.<\/p>\n<p align=\"justify\">Die Daten 2. bis 5. werden zudem in den Logfiles unseres Systems gespeichert. Eine Speicherung dieser Daten zusammen mit anderen personenbezogenen Daten des Nutzers findet nicht statt. Die IP-Adresse des Nutzers wird beim Zugriff auf die Webseite anonymisiert.<\/p>\n<h3>Rechtsgrundlage f\u00fcr die Datenverarbeitung<\/h3>\n<p align=\"justify\">Rechtsgrundlage f\u00fcr die vor\u00fcbergehende Speicherung der Daten und der Logfiles ist Art. 6 Abs. 1 lit. f DSGVO.<\/p>\n<h3>Zweck der Datenverarbeitung<\/h3>\n<p align=\"justify\">Die vor\u00fcbergehende Speicherung der IP-Adresse durch das System ist notwendig, um eine Auslieferung der Website an den Rechner des Nutzers zu erm\u00f6glichen. Hierf\u00fcr muss die IP-Adresse des Nutzers f\u00fcr die Dauer der Sitzung gespeichert bleiben.<\/p>\n<p align=\"justify\">Die Speicherung in Logfiles erfolgt, um die Funktionsf\u00e4higkeit der Website sicherzustellen. Zudem dienen uns die Daten zur Optimierung der Website und zur Sicherstellung der Sicherheit unserer informationstechnischen Systeme. Eine Auswertung der Daten zu Marketingzwecken findet in diesem Zusammenhang nicht statt. In diesen Zwecken liegt auch unser berechtigtes Interesse an der Datenverarbeitung nach Art. 6 Abs. 1 lit. f DSGVO.<\/p>\n<h3>Dauer der Speicherung<\/h3>\n<p align=\"justify\">Die Daten werden gel\u00f6scht, sobald sie f\u00fcr die Erreichung des Zweckes ihrer Erhebung nicht mehr erforderlich sind. Im Falle der Erfassung der Daten zur Bereitstellung der Website ist dies der Fall, wenn die jeweilige Sitzung beendet ist.<\/p>\n<p align=\"justify\">Im Falle der Speicherung der Daten in Logfiles ist dies nach sp\u00e4testens sieben Tagen der Fall. Eine dar\u00fcberhinausgehende Speicherung ist m\u00f6glich. In diesem Fall werden die IP-Adressen der Nutzer gel\u00f6scht oder verfremdet,<br \/>\nsodass eine Zuordnung des aufrufenden Clients nicht mehr m\u00f6glich ist.<\/p>\n<h3>Widerspruchs- und Beseitigungsm\u00f6glichkeit<\/h3>\n<p align=\"justify\">Die Erfassung der Daten zur Bereitstellung der Website und die Speicherung der Daten in Logfiles ist f\u00fcr den Betrieb der Internetseite zwingend erforderlich. Es besteht folglich seitens des Nutzers keine<br \/>\nWiderspruchsm\u00f6glichkeit.<\/p>\n<h2>Verwendung von Cookies<\/h2>\n<h3>Beschreibung und Umfang der Datenverarbeitung<\/h3>\n<p align=\"justify\">Unsere Webseite verwendet Cookies. Bei Cookies handelt es sich um Dateien, die im Internetbrowser bzw. vom Internetbrowser auf dem aufrufenden System gespeichert werden. Wir setzen Cookies ein, um unsere Website nutzerfreundlicher zu gestalten. Einige Elemente unserer Internetseite erfordern es, dass der aufrufende Browser auch nach einem Seitenwechsel identifiziert werden kann.<\/p>\n<h3>Rechtsgrundlage f\u00fcr die Datenverarbeitung<\/h3>\n<p align=\"justify\">Die Rechtsgrundlage f\u00fcr die Verwendung von Cookies ist Art. 6 Abs. 1 lit. e DSGVO.<\/p>\n<h3>Zweck der Datenverarbeitung<\/h3>\n<p align=\"justify\">Der Zweck der Verwendung technisch notwendiger Cookies ist, die Nutzung von Websites f\u00fcr die Nutzer zu vereinfachen. Einige Funktionen unserer Internetseite k\u00f6nnen ohne den Einsatz von Cookies nicht angeboten werden. F\u00fcr diese ist es erforderlich, dass der Browser auch nach einem Seitenwechsel wiedererkannt wird. Die durch technisch notwendige Cookies erhobenen Nutzerdaten werden nicht zur Erstellung von Nutzerprofilen verwendet.<\/p>\n<h3>Dauer der Speicherung, Widerspruchs- und Beseitigungsm\u00f6glichkeit<\/h3>\n<p align=\"justify\">Cookies werden auf dem Rechner des Nutzers gespeichert und von diesem an unserer Seite \u00fcbermittelt. Daher haben Sie als Nutzer auch die volle Kontrolle \u00fcber die Verwendung von Cookies. Durch eine \u00c4nderung der Einstellungen in Ihrem Internetbrowser k\u00f6nnen Sie die \u00dcbertragung von Cookies deaktivieren oder einschr\u00e4nken. Bereits gespeicherte Cookies k\u00f6nnen jederzeit gel\u00f6scht werden. Dies kann auch automatisiert erfolgen. Werden Cookies f\u00fcr unsere Website deaktiviert, k\u00f6nnen m\u00f6glicherweise nicht mehr alle Funktionen der Website vollumf\u00e4nglich genutzt werden. In diesen Zwecken liegt auch unser berechtigtes Interesse in der Verarbeitung der personenbezogenen Daten nach Art. 6 Abs. 1 lit. f DSGVO.<\/p>\n<h2>Einsatz von Youtube<\/h2>\n<p align=\"justify\">Wir bieten Nutzern auf unserer Webseite die M\u00f6glichkeit, ausgew\u00e4hlte Videos von YouTube direkt auf der Seite anzuschauen. Zum Schutz der Nutzerdaten wird erst durch Anklicken eines Links eine Verbindung zu YouTube hergestellt und das Video gestartet. Erst dann werden Daten an den Anbieter gesendet. Sofern Sie den Link nicht anklicken, findet keinerlei Austausch zwischen dem Nutzer und YouTube statt. Informationen \u00fcber die Erhebung und Verwendung Ihrer Daten bei YouTube finden hier: <a href=\"https:\/\/policies.google.com\/privacy?hl=de&amp;gl=de\">https:\/\/policies.google.com\/privacy?hl=de&amp;gl=de<\/a><\/p>\n<h2>E-Mail-Kontakt<\/h2>\n<h3>Beschreibung und Umfang der Datenverarbeitung<\/h3>\n<p align=\"justify\">Bei der Kontaktaufnahme mit uns per E-Mail werden die von Ihnen mitgeteilten Daten (E-Mail-Adresse, sowie weitere von Ihnen gemachte Angaben) von uns verarbeitet und gespeichert.<\/p>\n<h3>Rechtsgrundlage f\u00fcr die Datenverarbeitung<\/h3>\n<p align=\"justify\">Rechtsgrundlage f\u00fcr die Verarbeitung der Daten ist Art. 6 Abs. 1 lit. e DSGVO.<\/p>\n<h3>Zweck der Datenverarbeitung<\/h3>\n<p align=\"justify\">Die Speicherung der vom Nutzer zugesandten Daten, insbesondere dessen E-Mail-Adresse, wird f\u00fcr die Zustellung einer Eingangsbest\u00e4tigung, die Beantwortung etwaiger Anfragen sowie der Sicherung der Qualit\u00e4t der Kommunikation<br \/>\nben\u00f6tigt.<\/p>\n<h3>Dauer der Speicherung, Widerspruchs- und Beseitigungsm\u00f6glichkeit<\/h3>\n<p align=\"justify\">Akten dieser Art werden an der Ruhr-Universit\u00e4t Bochum f\u00fcnf Jahre aufbewahrt (Aufbewahrungsfrist gem\u00e4\u00df Richtlinie der Ruhr-Universit\u00e4t Bochum).<\/p>\n<h2>Ihre Rechte als betroffene Person<\/h2>\n<p align=\"justify\">Werden personenbezogene Daten von Ihnen verarbeitet, sind Sie Betroffener i.S.d. DSGVO und es stehen Ihnen folgende Rechte gegen\u00fcber den Verantwortlichen zu:<\/p>\n<p align=\"justify\">Sie k\u00f6nnen eine <strong>Best\u00e4tigung<\/strong> dar\u00fcber verlangen, ob personenbezogene Daten, die Sie betreffen, verarbeitet werden. Falls eine solche Verarbeitung vorliegt, k\u00f6nnen Sie <strong>Auskunft<\/strong> \u00fcber den Zweck, die Daten, die Herkunft der Daten, den Empf\u00e4nger der Daten (inkl. internationaler Weitergaben) sowie die Dauer der Speicherung erhalten.<\/p>\n<p align=\"justify\">Sie haben ein Recht auf <strong>Berichtigung<\/strong> der Daten, falls diese unrichtig oder unvollst\u00e4ndig sind. Unter verschiedenen Voraussetzungen haben Sie das Recht, die Daten <strong>l\u00f6schen<\/strong> zu lassen oder die Verarbeitung <strong>einzuschr\u00e4nken<\/strong>. Insbesondere Daten, die Sie freiwillig angegeben haben, m\u00fcssen gel\u00f6scht werden, wenn Sie ihre <strong>Einwilligung zur\u00fcckziehen<\/strong>. Falls Daten weitergegeben wurden, bezieht sich die L\u00f6schung auch auf die Empf\u00e4nger der Daten und wir werden Ihnen die Empf\u00e4nger Ihrer Daten mitteilen.<\/p>\n<p align=\"justify\">F\u00fcr Fragen und Beschwerden k\u00f6nnen Sie sich in jedem Fall an die zust\u00e4ndige <strong>Aufsichtsbeh\u00f6rde wenden<\/strong> (Landesbeauftragte f\u00fcr den Datenschutz NRW, <a href=\"https:\/\/www.ldi.nrw.de\/\">https:\/\/www.ldi.nrw.de\/<\/a>).<\/p>\n<p align=\"justify\">Ebenso k\u00f6nnen Sie sich an den Datenschutzbeauftragten der RUB wenden. Weitere Informationen finden Sie hier:<br \/>\n<a href=\"https:\/\/dsb.ruhr-uni-bochum.de\/\" target=\"_blank\" rel=\"noopener\">https:\/\/dsb.ruhr-uni-bochum.de\/<\/a><\/p>\n","protected":false},"excerpt":{"rendered":"<p>Datenschutz Im Folgenden informieren wir \u00fcber die Verarbeitung personenbezogener Daten bei Nutzung der Webseite www.bimstruct.blogs.ruhr-uni-bochum.de. Personenbezogene Daten sind alle Daten,&hellip;<\/p>\n","protected":false},"author":1,"featured_media":0,"parent":0,"menu_order":0,"comment_status":"closed","ping_status":"closed","template":"","meta":{"footnotes":""},"class_list":["post-3","page","type-page","status-publish","hentry"],"_links":{"self":[{"href":"https:\/\/bimstruct.blogs.ruhr-uni-bochum.de\/index.php?rest_route=\/wp\/v2\/pages\/3","targetHints":{"allow":["GET"]}}],"collection":[{"href":"https:\/\/bimstruct.blogs.ruhr-uni-bochum.de\/index.php?rest_route=\/wp\/v2\/pages"}],"about":[{"href":"https:\/\/bimstruct.blogs.ruhr-uni-bochum.de\/index.php?rest_route=\/wp\/v2\/types\/page"}],"author":[{"embeddable":true,"href":"https:\/\/bimstruct.blogs.ruhr-uni-bochum.de\/index.php?rest_route=\/wp\/v2\/users\/1"}],"replies":[{"embeddable":true,"href":"https:\/\/bimstruct.blogs.ruhr-uni-bochum.de\/index.php?rest_route=%2Fwp%2Fv2%2Fcomments&post=3"}],"version-history":[{"count":2,"href":"https:\/\/bimstruct.blogs.ruhr-uni-bochum.de\/index.php?rest_route=\/wp\/v2\/pages\/3\/revisions"}],"predecessor-version":[{"id":93,"href":"https:\/\/bimstruct.blogs.ruhr-uni-bochum.de\/index.php?rest_route=\/wp\/v2\/pages\/3\/revisions\/93"}],"wp:attachment":[{"href":"https:\/\/bimstruct.blogs.ruhr-uni-bochum.de\/index.php?rest_route=%2Fwp%2Fv2%2Fmedia&parent=3"}],"curies":[{"name":"wp","href":"https:\/\/api.w.org\/{rel}","templated":true}]}}